{"id":8274,"date":"2023-10-25T15:54:16","date_gmt":"2023-10-25T13:54:16","guid":{"rendered":"https:\/\/wordpress.vecurosoft.com\/travolo\/?page_id=16"},"modified":"2025-12-08T18:59:29","modified_gmt":"2025-12-08T18:59:29","slug":"home-01","status":"publish","type":"page","link":"https:\/\/www.bluedreamtour.com\/","title":{"rendered":"Home 01"},"content":{"rendered":"\t\t<div data-elementor-type=\"wp-page\" data-elementor-id=\"8274\" class=\"elementor elementor-8274\">\n\t\t\t\t<div class=\"elementor-element elementor-element-01b3bfd e-con-full e-flex e-con e-parent\" data-id=\"01b3bfd\" data-element_type=\"container\" data-e-type=\"container\">\n\t\t\t\t<div class=\"elementor-element elementor-element-c235afd elementor-widget elementor-widget-travoloheroone\" data-id=\"c235afd\" data-element_type=\"widget\" data-e-type=\"widget\" data-widget_type=\"travoloheroone.default\">\n\t\t\t\t<div class=\"elementor-widget-container\">\n\t\t\t\t\t\t\t<section class=\"hero-layout\">\n\t\t\t<div class=\"hero-mask\" data-bg-src=\"\">\n\t\t\t\t<div class=\"travolo-hero-one-slider\" id=\"hero-slider\" data-slick-autoplay=\"true\" data-slick-autoplay-speed=\"4000\">\n\t\t\t\t\t\t\t\t\t\t\t<div class=\"hero-slide\">\n\t\t\t\t\t\t\t<div class=\"container\">\n\t\t\t\t\t\t\t\t<div class=\"row align-items-center justify-content-between\">\n\t\t\t\t\t\t\t\t\t<div class=\"col-lg-6\">\n\t\t\t\t\t\t\t\t\t\t<div class=\"hero-content\">\n\n\t\t\t\t\t\t\t\t\t\t\t\t\t\t\t\t\t\t\t\t\t\t\t<span class=\"hero-subtitle\">\n\t\t\t\t\t\t\t\t\t\t\t\t\tTEKNE TURU\t\t\t\t\t\t\t\t\t\t\t\t<\/span>\n\t\t\t\t\t\t\t\t\t\t\t\n\n\t\t\t\t\t\t\t\t\t\t\t\t\t\t\t\t\t\t\t\t\t\t\t<h1 class=\"hero-title\">\n\t\t\t\t\t\t\t\t\t\t\t\t\tUnutulmaz Anlara Giden Yolunuzu Bulun\t\t\t\t\t\t\t\t\t\t\t\t<\/h1>\n\t\t\t\t\t\t\t\t\t\t\t\t\t\t\t\t\t\t\t\t\t\t\t\t\t\t\t\t\t\t\t\t\t\t<p class=\"hero-text\">\n\t\t\t\t\t\t\t\t\t\t\t\t\tSABAH 10:00 OTELDEN ALINI\u015e 17:00 OTELE D\u00d6N\u00dc\u015e  OGLEN YEMEGI FIYATA DAH\u0130L \u0130\u00c7ECEKLER EKSTRA  \u00dcCRETLEND\u0130R\u0130L\u0130R \nGUN \u0130\u00c7ER\u0130S\u0130NDE 30 VE 45 DAKIKA OLMAK \u00dcZERE BODRUMUN 5 NAD\u0130DE KOYUNDA YUZME MOLAMIZ OLUP ANILARINIZI S\u00dcSLEYECEK B\u0130R G\u00dcN D\u0130L\u0130YORUZ\t \t\t\t\t  \t\t\t\t\t\t\t\t\t\t\t\t<\/p>\n\t\t\t\t\t\t\t\t\t\t\t\t\n\t\t\t\t\t\t\t\t\t\t\t\t\t\t\t\t\t\t\t\t\t\t\t\t<a href=\"\" class=\"vs-btn style4\">\n\t\t\t\t\t\t\t\t\t\t\t\t\t\u0130Y\u0130 EGLENCELER\t\t\t\t\t\t\t\t\t\t\t\t<\/a>\n\t\t\t\t\t\t\t\t\t\t\t\t\t\t\t\t\t\t\t\t\t<\/div>\n\t\t\t\t\t\t\t\t\t<\/div>\n\t\t\t\t\t\t\t\t\t<div class=\"col-lg-6\">\n\t\t\t\t\t\t\t\t\t\t<div class=\"hero-img\">\n\t\t\t\t\t\t\t\t\t\t\t\t\t\t\t\t\t\t\t\t\t\t\t<div class=\"img1\">\n\t\t\t\t\t\t\t\t\t\t\t\t\t<img decoding=\"async\" src=\"http:\/\/www.bluedreamtour.com\/wp-content\/uploads\/2025\/11\/Sole-Maris07.jpg\" alt=\"hero\"  \/>\t\t\t\t\t\t\t\t\t\t\t\t<\/div>\n\t\t\t\t\t\t\t\t\t\t\t\n\t\t\t\t\t\t\t\t\t\t\t\t\t\t\t\t\t\t\t\t\t\t\t<div class=\"img2\">\n\t\t\t\t\t\t\t\t\t\t\t\t\t<img decoding=\"async\" src=\"http:\/\/www.bluedreamtour.com\/wp-content\/uploads\/2025\/10\/mudVvvwiTYsUvRA7f4YMwtXnlLnk7jDoW22wpYFw.webp\" alt=\"hero\"  \/>\t\t\t\t\t\t\t\t\t\t\t\t<\/div>\n\t\t\t\t\t\t\t\t\t\t\t\t\t\t\t\t\t\t\t\t\t<\/div>\n\t\t\t\t\t\t\t\t\t<\/div>\n\t\t\t\t\t\t\t\t<\/div>\n\t\t\t\t\t\t\t<\/div>\n\t\t\t\t\t\t<\/div>\n\t\t\t\t\t\t\t\t\t<\/div>\n\t\t\t\t<div class=\"slide-count travlo-hero-count vs-slider-tab\" data-asnavfor=\"#hero-slider\">\n\t\t\t\t\t<button class=\"tab-btn active\">1<\/button>\t\t\t\t<\/div>\n\n\t\t\t<\/div>\n\t\t<\/section>\n\n\n\t\t\t\t<\/div>\n\t\t\t\t<\/div>\n\t\t\t\t<\/div>\n\t\t<div class=\"elementor-element elementor-element-b6a34a1 e-con-full e-flex e-con e-parent\" data-id=\"b6a34a1\" data-element_type=\"container\" data-e-type=\"container\" data-settings=\"{&quot;background_background&quot;:&quot;classic&quot;}\">\n\t\t\t\t<div class=\"elementor-element elementor-element-ecada92 elementor-widget elementor-widget-travoloshape\" data-id=\"ecada92\" data-element_type=\"widget\" data-e-type=\"widget\" data-widget_type=\"travoloshape.default\">\n\t\t\t\t<div class=\"elementor-widget-container\">\n\t\t\t\t\t\t\t\t\t\t<div class=\" d-none d-xl-block shape-mockup ripple-animation z-index-negative\">\n\t\t\t\t<img decoding=\"async\" class=\"\" src=\"http:\/\/www.bluedreamtour.com\/wp-content\/uploads\/2025\/12\/images-4.jpeg\" >\n\t\t\t<\/div>\n\t\t        \t\t\t\t<\/div>\n\t\t\t\t<\/div>\n\t\t<div class=\"elementor-element elementor-element-1b65967 e-flex e-con-boxed e-con e-child\" data-id=\"1b65967\" data-element_type=\"container\" data-e-type=\"container\">\n\t\t\t\t\t<div class=\"e-con-inner\">\n\t\t\t\t<div class=\"elementor-element elementor-element-96b8c69 elementor-widget elementor-widget-travolosectiontitle\" data-id=\"96b8c69\" data-element_type=\"widget\" data-e-type=\"widget\" data-widget_type=\"travolosectiontitle.default\">\n\t\t\t\t<div class=\"elementor-widget-container\">\n\t\t\t\t\t<!-- Section Title --><div class=\"title-area\" ><span class=\"sec-subtitle\">Harika Turlar\n<\/span><h1 class=\"sec-title title-selector\">En \u0130yi Tatil Paketleri<\/h1><p class=\"sec-text\">\u201cSeyahat etmek, hayal g\u00fcc\u00fcm\u00fcz\u00fc ger\u00e7eklerle dengeler ve baz\u0131 \u015feylerin nas\u0131l oldu\u011funu d\u00fc\u015f\u00fcnmek yerine onlar\u0131 g\u00f6rmemizi sa\u011flar.\u201d<\/p><\/div><!-- End Section Title -->\t\t\t\t<\/div>\n\t\t\t\t<\/div>\n\t\t\t\t\t<\/div>\n\t\t\t\t<\/div>\n\t\t<div class=\"elementor-element elementor-element-47d2561 e-flex e-con-boxed e-con e-child\" data-id=\"47d2561\" data-element_type=\"container\" data-e-type=\"container\">\n\t\t\t\t\t<div class=\"e-con-inner\">\n\t\t\t\t<div class=\"elementor-element elementor-element-e44393b elementor-widget elementor-widget-travolobutton\" data-id=\"e44393b\" data-element_type=\"widget\" data-e-type=\"widget\" data-widget_type=\"travolobutton.default\">\n\t\t\t\t<div class=\"elementor-widget-container\">\n\t\t\t\t\t<!-- Button --><div class=\"btn-wrapper\"><a class=\"vs-btn style4\" href=\"https:\/\/wordpress.vecurosoft.com\/travolo\/blog\/\">TURLAR<\/a><\/div><!-- End Button -->\t\t\t\t<\/div>\n\t\t\t\t<\/div>\n\t\t\t\t\t<\/div>\n\t\t\t\t<\/div>\n\t\t\t\t<\/div>\n\t\t<div class=\"elementor-element elementor-element-f146d43 e-flex e-con-boxed e-con e-parent\" data-id=\"f146d43\" data-element_type=\"container\" data-e-type=\"container\">\n\t\t\t\t\t<div class=\"e-con-inner\">\n\t\t<div class=\"elementor-element elementor-element-e4dafae e-con-full e-flex e-con e-child\" data-id=\"e4dafae\" data-element_type=\"container\" data-e-type=\"container\">\n\t\t<div class=\"elementor-element elementor-element-412cb46 e-con-full e-flex e-con e-child\" data-id=\"412cb46\" data-element_type=\"container\" data-e-type=\"container\">\n\t\t\t\t<div class=\"elementor-element elementor-element-7e68c49 elementor-widget elementor-widget-travolosectiontitle\" data-id=\"7e68c49\" data-element_type=\"widget\" data-e-type=\"widget\" data-widget_type=\"travolosectiontitle.default\">\n\t\t\t\t<div class=\"elementor-widget-container\">\n\t\t\t\t\t<!-- Section Title --><div class=\"title-area\" ><span class=\"sec-subtitle\">maceraya haz\u0131r olun<\/span><h1 class=\"sec-title title-selector\">jeep safari<\/h1><p class=\"sec-text\">do\u011fa ile b\u00fct\u00fcnle\u015fip asfalt yollardan ve kalabal\u0131ktan uzakta, \u00e7amlar\u0131n ye\u015fili, g\u00f6ky\u00fcz\u00fcn\u00fcn mavisi ve da\u011flar\u0131n morlu\u011funda hem g\u00f6zlerinizi hem de ruhunuzu dinlendirmek i\u00e7in yap\u0131lan g\u00fcn\u00fcbirlik geziB\u00f6lgelerin el de\u011fmemi\u015f b\u00fcy\u00fcleyici manzaras\u0131, tertemiz ve serin havas\u0131 \u00f6zellikle de mevsim yaz ise yo\u011fun a\u011fustos b\u00f6ce\u011fi seslerinin aras\u0131nda yol al\u0131n\u0131r. Kimi zaman trekking yap\u0131larak y\u00fcr\u00fcnen patikalar, ilgin\u00e7 arazide bazen bir dere yata\u011f\u0131ndan t\u0131pk\u0131 bir s\u00fcrat motoru gibi sular\u0131 yara yara ge\u00e7en , bazen de 70 derece meyilli engebeler a\u015fan 4 X 4 jeeplerle ya\u015fanan inan\u0131lmaz adrenalin<\/p><\/div><!-- End Section Title -->\t\t\t\t<\/div>\n\t\t\t\t<\/div>\n\t\t\t\t<\/div>\n\t\t<div class=\"elementor-element elementor-element-5d94d2e e-con-full e-flex e-con e-child\" data-id=\"5d94d2e\" data-element_type=\"container\" data-e-type=\"container\">\n\t\t<div class=\"elementor-element elementor-element-8f44103 e-con-full e-flex e-con e-child\" data-id=\"8f44103\" data-element_type=\"container\" data-e-type=\"container\">\n\t\t\t\t<div class=\"elementor-element elementor-element-de51437 elementor-widget elementor-widget-image\" data-id=\"de51437\" data-element_type=\"widget\" data-e-type=\"widget\" data-widget_type=\"image.default\">\n\t\t\t\t\t\t\t\t\t\t\t\t\t\t\t<img fetchpriority=\"high\" decoding=\"async\" width=\"751\" height=\"369\" src=\"https:\/\/www.bluedreamtour.com\/wp-content\/uploads\/2025\/12\/herojeepsafari-1-1024x503.jpg\" class=\"attachment-large size-large wp-image-8435\" alt=\"\" srcset=\"https:\/\/www.bluedreamtour.com\/wp-content\/uploads\/2025\/12\/herojeepsafari-1-1024x503.jpg 1024w, https:\/\/www.bluedreamtour.com\/wp-content\/uploads\/2025\/12\/herojeepsafari-1-300x147.jpg 300w, https:\/\/www.bluedreamtour.com\/wp-content\/uploads\/2025\/12\/herojeepsafari-1-768x377.jpg 768w, https:\/\/www.bluedreamtour.com\/wp-content\/uploads\/2025\/12\/herojeepsafari-1-1536x754.jpg 1536w, https:\/\/www.bluedreamtour.com\/wp-content\/uploads\/2025\/12\/herojeepsafari-1.jpg 1920w\" sizes=\"(max-width: 751px) 100vw, 751px\" \/>\t\t\t\t\t\t\t\t\t\t\t\t\t\t\t<\/div>\n\t\t\t\t<\/div>\n\t\t<div class=\"elementor-element elementor-element-db33790 e-con-full e-flex e-con e-child\" data-id=\"db33790\" data-element_type=\"container\" data-e-type=\"container\">\n\t\t\t\t<div class=\"elementor-element elementor-element-29cadb5 gallery-image elementor-widget elementor-widget-image\" data-id=\"29cadb5\" data-element_type=\"widget\" data-e-type=\"widget\" data-widget_type=\"image.default\">\n\t\t\t\t\t\t\t\t\t\t\t\t\t\t\t<img decoding=\"async\" width=\"751\" height=\"497\" src=\"https:\/\/www.bluedreamtour.com\/wp-content\/uploads\/2025\/12\/altinkum-jeep-safari-tour-8763-1024x678.jpg\" class=\"attachment-large size-large wp-image-8431\" alt=\"\" srcset=\"https:\/\/www.bluedreamtour.com\/wp-content\/uploads\/2025\/12\/altinkum-jeep-safari-tour-8763-1024x678.jpg 1024w, https:\/\/www.bluedreamtour.com\/wp-content\/uploads\/2025\/12\/altinkum-jeep-safari-tour-8763-300x199.jpg 300w, https:\/\/www.bluedreamtour.com\/wp-content\/uploads\/2025\/12\/altinkum-jeep-safari-tour-8763-768x508.jpg 768w, https:\/\/www.bluedreamtour.com\/wp-content\/uploads\/2025\/12\/altinkum-jeep-safari-tour-8763-1536x1017.jpg 1536w, https:\/\/www.bluedreamtour.com\/wp-content\/uploads\/2025\/12\/altinkum-jeep-safari-tour-8763.jpg 1680w\" sizes=\"(max-width: 751px) 100vw, 751px\" \/>\t\t\t\t\t\t\t\t\t\t\t\t\t\t\t<\/div>\n\t\t\t\t<\/div>\n\t\t\t\t<\/div>\n\t\t\t\t<\/div>\n\t\t\t\t<div class=\"elementor-element elementor-element-5aed1ab elementor-widget__width-initial elementor-widget-mobile__width-initial elementor-widget elementor-widget-image\" data-id=\"5aed1ab\" data-element_type=\"widget\" data-e-type=\"widget\" data-widget_type=\"image.default\">\n\t\t\t\t\t\t\t\t\t\t\t\t\t\t\t<img decoding=\"async\" width=\"318\" height=\"159\" src=\"https:\/\/www.bluedreamtour.com\/wp-content\/uploads\/2025\/12\/indir-1.jpeg\" class=\"attachment-large size-large wp-image-8434\" alt=\"\" srcset=\"https:\/\/www.bluedreamtour.com\/wp-content\/uploads\/2025\/12\/indir-1.jpeg 318w, https:\/\/www.bluedreamtour.com\/wp-content\/uploads\/2025\/12\/indir-1-300x150.jpeg 300w\" sizes=\"(max-width: 318px) 100vw, 318px\" \/>\t\t\t\t\t\t\t\t\t\t\t\t\t\t\t<\/div>\n\t\t\t\t\t<\/div>\n\t\t\t\t<\/div>\n\t\t<div class=\"elementor-element elementor-element-09d1d13 e-flex e-con-boxed e-con e-parent\" data-id=\"09d1d13\" data-element_type=\"container\" data-e-type=\"container\">\n\t\t\t\t\t<div class=\"e-con-inner\">\n\t\t\t\t<div class=\"elementor-element elementor-element-197069a elementor-widget__width-initial elementor-fixed elementor-view-default elementor-widget elementor-widget-icon\" data-id=\"197069a\" data-element_type=\"widget\" data-e-type=\"widget\" data-settings=\"{&quot;_position&quot;:&quot;fixed&quot;}\" data-widget_type=\"icon.default\">\n\t\t\t\t\t\t\t<div class=\"elementor-icon-wrapper\">\n\t\t\t<a class=\"elementor-icon\" href=\"https:\/\/wa.me\/+905313310408\">\n\t\t\t<svg aria-hidden=\"true\" class=\"e-font-icon-svg e-fab-whatsapp\" viewBox=\"0 0 448 512\" xmlns=\"http:\/\/www.w3.org\/2000\/svg\"><path d=\"M380.9 97.1C339 55.1 283.2 32 223.9 32c-122.4 0-222 99.6-222 222 0 39.1 10.2 77.3 29.6 111L0 480l117.7-30.9c32.4 17.7 68.9 27 106.1 27h.1c122.3 0 224.1-99.6 224.1-222 0-59.3-25.2-115-67.1-157zm-157 341.6c-33.2 0-65.7-8.9-94-25.7l-6.7-4-69.8 18.3L72 359.2l-4.4-7c-18.5-29.4-28.2-63.3-28.2-98.2 0-101.7 82.8-184.5 184.6-184.5 49.3 0 95.6 19.2 130.4 54.1 34.8 34.9 56.2 81.2 56.1 130.5 0 101.8-84.9 184.6-186.6 184.6zm101.2-138.2c-5.5-2.8-32.8-16.2-37.9-18-5.1-1.9-8.8-2.8-12.5 2.8-3.7 5.6-14.3 18-17.6 21.8-3.2 3.7-6.5 4.2-12 1.4-32.6-16.3-54-29.1-75.5-66-5.7-9.8 5.7-9.1 16.3-30.3 1.8-3.7.9-6.9-.5-9.7-1.4-2.8-12.5-30.1-17.1-41.2-4.5-10.8-9.1-9.3-12.5-9.5-3.2-.2-6.9-.2-10.6-.2-3.7 0-9.7 1.4-14.8 6.9-5.1 5.6-19.4 19-19.4 46.3 0 27.3 19.9 53.7 22.6 57.4 2.8 3.7 39.1 59.7 94.8 83.8 35.2 15.2 49 16.5 66.6 13.9 10.7-1.6 32.8-13.4 37.4-26.4 4.6-13 4.6-24.1 3.2-26.4-1.3-2.5-5-3.9-10.5-6.6z\"><\/path><\/svg>\t\t\t<\/a>\n\t\t<\/div>\n\t\t\t\t\t\t<\/div>\n\t\t\t\t\t<\/div>\n\t\t\t\t<\/div>\n\t\t\t\t<\/div>\n\t\t","protected":false},"excerpt":{"rendered":"<p>TEKNE TURU Unutulmaz Anlara Giden Yolunuzu Bulun SABAH 10:00 OTELDEN ALINI\u015e 17:00 OTELE D\u00d6N\u00dc\u015e OGLEN YEMEGI FIYATA DAH\u0130L \u0130\u00c7ECEKLER EKSTRA \u00dcCRETLEND\u0130R\u0130L\u0130R GUN \u0130\u00c7ER\u0130S\u0130NDE 30 VE 45 DAKIKA OLMAK \u00dcZERE BODRUMUN 5 NAD\u0130DE KOYUNDA YUZME MOLAMIZ OLUP ANILARINIZI S\u00dcSLEYECEK B\u0130R G\u00dcN D\u0130L\u0130YORUZ \u0130Y\u0130 EGLENCELER 1 Harika Turlar En \u0130yi Tatil Paketleri \u201cSeyahat etmek, hayal g\u00fcc\u00fcm\u00fcz\u00fc ger\u00e7eklerle&#8230;<\/p>\n","protected":false},"author":1,"featured_media":0,"parent":0,"menu_order":0,"comment_status":"closed","ping_status":"closed","template":"elementor_header_footer","meta":{"_monsterinsights_skip_tracking":false,"_monsterinsights_sitenote_active":false,"_monsterinsights_sitenote_note":"","_monsterinsights_sitenote_category":0,"footnotes":""},"class_list":["post-8274","page","type-page","status-publish","hentry"],"aioseo_notices":[],"_links":{"self":[{"href":"https:\/\/www.bluedreamtour.com\/index.php\/wp-json\/wp\/v2\/pages\/8274","targetHints":{"allow":["GET"]}}],"collection":[{"href":"https:\/\/www.bluedreamtour.com\/index.php\/wp-json\/wp\/v2\/pages"}],"about":[{"href":"https:\/\/www.bluedreamtour.com\/index.php\/wp-json\/wp\/v2\/types\/page"}],"author":[{"embeddable":true,"href":"https:\/\/www.bluedreamtour.com\/index.php\/wp-json\/wp\/v2\/users\/1"}],"replies":[{"embeddable":true,"href":"https:\/\/www.bluedreamtour.com\/index.php\/wp-json\/wp\/v2\/comments?post=8274"}],"version-history":[{"count":49,"href":"https:\/\/www.bluedreamtour.com\/index.php\/wp-json\/wp\/v2\/pages\/8274\/revisions"}],"predecessor-version":[{"id":8461,"href":"https:\/\/www.bluedreamtour.com\/index.php\/wp-json\/wp\/v2\/pages\/8274\/revisions\/8461"}],"wp:attachment":[{"href":"https:\/\/www.bluedreamtour.com\/index.php\/wp-json\/wp\/v2\/media?parent=8274"}],"curies":[{"name":"wp","href":"https:\/\/api.w.org\/{rel}","templated":true}]}}